{"id":1521,"date":"2023-11-27T16:47:01","date_gmt":"2023-11-27T15:47:01","guid":{"rendered":"https:\/\/alianas.cz\/?post_type=product&#038;p=1521"},"modified":"2023-12-11T18:07:22","modified_gmt":"2023-12-11T17:07:22","slug":"tri-gem-pink-prsten-585-1000-au-483g","status":"publish","type":"product","link":"http:\/\/alianas.cz\/cz\/obchod\/kolekce\/tri-gem\/tri-gem-pink-prsten-585-1000-au-483g\/","title":{"rendered":"TRI-GEM PINK prsten, 585\/1000 Au, 4,83g"},"content":{"rendered":"<p class=\"p1\">Ru\u010dn\u011b vyroben\u00fd prsten z kolekce \u201cTRI-GEM\u201d, kde se propojuj\u00ed odst\u00edny p\u0159\u00edrodn\u00edho r\u016f\u017eov\u00e9ho turmal\u00ednu &#8211; rubelitu.<\/p>\n","protected":false},"excerpt":{"rendered":"<p class=\"p1\">Ru\u010dn\u011b vyroben\u00fd prsten z kolekce \u201cTRI-GEM\u201d, kde se propojuj\u00ed odst\u00edny p\u0159\u00edrodn\u00edho r\u016f\u017eov\u00e9ho turmal\u00ednu &#8211; rubelitu.<\/p>\n","protected":false},"featured_media":1529,"template":"","meta":{"_acf_changed":false},"product_brand":[],"product_cat":[91,108],"product_tag":[],"class_list":{"0":"post-1521","1":"product","2":"type-product","3":"status-publish","4":"has-post-thumbnail","6":"product_cat-prsteny","7":"product_cat-tri-gem","9":"first","10":"instock","11":"purchasable","12":"product-type-variable"},"acf":[],"_links":{"self":[{"href":"http:\/\/alianas.cz\/cz\/wp-json\/wp\/v2\/product\/1521","targetHints":{"allow":["GET"]}}],"collection":[{"href":"http:\/\/alianas.cz\/cz\/wp-json\/wp\/v2\/product"}],"about":[{"href":"http:\/\/alianas.cz\/cz\/wp-json\/wp\/v2\/types\/product"}],"wp:featuredmedia":[{"embeddable":true,"href":"http:\/\/alianas.cz\/cz\/wp-json\/wp\/v2\/media\/1529"}],"wp:attachment":[{"href":"http:\/\/alianas.cz\/cz\/wp-json\/wp\/v2\/media?parent=1521"}],"wp:term":[{"taxonomy":"product_brand","embeddable":true,"href":"http:\/\/alianas.cz\/cz\/wp-json\/wp\/v2\/product_brand?post=1521"},{"taxonomy":"product_cat","embeddable":true,"href":"http:\/\/alianas.cz\/cz\/wp-json\/wp\/v2\/product_cat?post=1521"},{"taxonomy":"product_tag","embeddable":true,"href":"http:\/\/alianas.cz\/cz\/wp-json\/wp\/v2\/product_tag?post=1521"}],"curies":[{"name":"wp","href":"https:\/\/api.w.org\/{rel}","templated":true}]}}