{"id":1893,"date":"2024-08-02T13:13:42","date_gmt":"2024-08-02T11:13:42","guid":{"rendered":"https:\/\/alianas.cz\/?post_type=product&#038;p=1893"},"modified":"2025-05-28T18:21:41","modified_gmt":"2025-05-28T16:21:41","slug":"gradient-ametyst-prsten-925-1000-ag","status":"publish","type":"product","link":"http:\/\/alianas.cz\/cz\/obchod\/limitovane-sperky\/prsteny\/gradient-ametyst-prsten-925-1000-ag\/","title":{"rendered":"GRADIENT AMETYST prsten, 925\/1000 Ag"},"content":{"rendered":"<p class=\"p1\">Hladk\u00fd a elegantn\u00ed design tohoto mistrovsk\u00e9ho prstene d\u016frazn\u011b zrcadl\u00ed p\u0159irozenost prostoru, kde vznik\u00e1 hlubok\u00e9 propojen\u00ed s okol\u00edm, \u010di se sebou sam\u00fdm. Prsten v sob\u011b z\u00e1rove\u0148 nese neust\u00e1lou p\u0159ipom\u00ednku neuv\u011b\u0159iteln\u00e9ho potenci\u00e1lu, kter\u00fd v n\u00e1s rezonuje. P\u0159ijm\u011bte prsten z kolekce \u201cGradient&#8220; jako oslavu z\u00e1zraku, kter\u00e9 propojen\u00ed p\u0159in\u00e1\u0161\u00ed.<\/p>\n","protected":false},"excerpt":{"rendered":"<p class=\"p1\">Hladk\u00fd a elegantn\u00ed design tohoto mistrovsk\u00e9ho prstene d\u016frazn\u011b zrcadl\u00ed p\u0159irozenost prostoru, kde vznik\u00e1 hlubok\u00e9 propojen\u00ed s okol\u00edm, \u010di se sebou sam\u00fdm. Prsten v sob\u011b z\u00e1rove\u0148 nese neust\u00e1lou p\u0159ipom\u00ednku neuv\u011b\u0159iteln\u00e9ho potenci\u00e1lu, kter\u00fd v n\u00e1s rezonuje. P\u0159ijm\u011bte prsten z kolekce \u201cGradient&#8220; jako oslavu z\u00e1zraku, kter\u00e9 propojen\u00ed p\u0159in\u00e1\u0161\u00ed.<\/p>\n","protected":false},"featured_media":1906,"template":"","meta":{"_acf_changed":false},"product_brand":[],"product_cat":[93,91],"product_tag":[],"class_list":{"0":"post-1893","1":"product","2":"type-product","3":"status-publish","4":"has-post-thumbnail","6":"product_cat-gradient","7":"product_cat-prsteny","9":"first","10":"onbackorder","11":"purchasable","12":"product-type-variable","13":"has-default-attributes"},"acf":[],"_links":{"self":[{"href":"http:\/\/alianas.cz\/cz\/wp-json\/wp\/v2\/product\/1893","targetHints":{"allow":["GET"]}}],"collection":[{"href":"http:\/\/alianas.cz\/cz\/wp-json\/wp\/v2\/product"}],"about":[{"href":"http:\/\/alianas.cz\/cz\/wp-json\/wp\/v2\/types\/product"}],"wp:featuredmedia":[{"embeddable":true,"href":"http:\/\/alianas.cz\/cz\/wp-json\/wp\/v2\/media\/1906"}],"wp:attachment":[{"href":"http:\/\/alianas.cz\/cz\/wp-json\/wp\/v2\/media?parent=1893"}],"wp:term":[{"taxonomy":"product_brand","embeddable":true,"href":"http:\/\/alianas.cz\/cz\/wp-json\/wp\/v2\/product_brand?post=1893"},{"taxonomy":"product_cat","embeddable":true,"href":"http:\/\/alianas.cz\/cz\/wp-json\/wp\/v2\/product_cat?post=1893"},{"taxonomy":"product_tag","embeddable":true,"href":"http:\/\/alianas.cz\/cz\/wp-json\/wp\/v2\/product_tag?post=1893"}],"curies":[{"name":"wp","href":"https:\/\/api.w.org\/{rel}","templated":true}]}}