{"id":1931,"date":"2024-08-07T20:02:32","date_gmt":"2024-08-07T18:02:32","guid":{"rendered":"https:\/\/alianas.cz\/?post_type=product&#038;p=1931"},"modified":"2024-08-08T23:10:10","modified_gmt":"2024-08-08T21:10:10","slug":"gradient-ametyst-naramek-925-1000-ag","status":"publish","type":"product","link":"http:\/\/alianas.cz\/cz\/obchod\/kolekce\/gradient\/gradient-ametyst-naramek-925-1000-ag\/","title":{"rendered":"GRADIENT AMETYST n\u00e1ramek, 925\/1000 Ag"},"content":{"rendered":"<p class=\"p1\">Hladk\u00fd a elegantn\u00ed design tohoto mistrovsk\u00e9ho n\u00e1ramku d\u016frazn\u011b zrcadl\u00ed p\u0159irozenost prostoru, kde vznik\u00e1 hlubok\u00e9 propojen\u00ed s okol\u00edm, \u010di se sebou sam\u00fdm. N\u00e1ramek v sob\u011b z\u00e1rove\u0148 nese neust\u00e1lou p\u0159ipom\u00ednku bezmezn\u00e9ho potenci\u00e1lu, kter\u00fd v n\u00e1s rezonuje. P\u0159ijm\u011bte n\u00e1ramek z kolekce \u201cGradient&#8220; jako oslavu z\u00e1zraku, kter\u00e9 propojen\u00ed p\u0159in\u00e1\u0161\u00ed.<\/p>\n","protected":false},"excerpt":{"rendered":"<p class=\"p1\">Hladk\u00fd a elegantn\u00ed design tohoto mistrovsk\u00e9ho n\u00e1ramku d\u016frazn\u011b zrcadl\u00ed p\u0159irozenost prostoru, kde vznik\u00e1 hlubok\u00e9 propojen\u00ed s okol\u00edm, \u010di se sebou sam\u00fdm. N\u00e1ramek v sob\u011b z\u00e1rove\u0148 nese neust\u00e1lou p\u0159ipom\u00ednku bezmezn\u00e9ho potenci\u00e1lu, kter\u00fd v n\u00e1s rezonuje. P\u0159ijm\u011bte n\u00e1ramek z kolekce \u201cGradient&#8220; jako oslavu z\u00e1zraku, kter\u00e9 propojen\u00ed p\u0159in\u00e1\u0161\u00ed.<\/p>\n","protected":false},"featured_media":1934,"template":"","meta":{"_acf_changed":false},"product_brand":[],"product_cat":[93,88],"product_tag":[],"class_list":{"0":"post-1931","1":"product","2":"type-product","3":"status-publish","4":"has-post-thumbnail","6":"product_cat-gradient","7":"product_cat-naramky","9":"first","10":"onbackorder","11":"purchasable","12":"product-type-variable","13":"has-default-attributes"},"acf":[],"_links":{"self":[{"href":"http:\/\/alianas.cz\/cz\/wp-json\/wp\/v2\/product\/1931","targetHints":{"allow":["GET"]}}],"collection":[{"href":"http:\/\/alianas.cz\/cz\/wp-json\/wp\/v2\/product"}],"about":[{"href":"http:\/\/alianas.cz\/cz\/wp-json\/wp\/v2\/types\/product"}],"wp:featuredmedia":[{"embeddable":true,"href":"http:\/\/alianas.cz\/cz\/wp-json\/wp\/v2\/media\/1934"}],"wp:attachment":[{"href":"http:\/\/alianas.cz\/cz\/wp-json\/wp\/v2\/media?parent=1931"}],"wp:term":[{"taxonomy":"product_brand","embeddable":true,"href":"http:\/\/alianas.cz\/cz\/wp-json\/wp\/v2\/product_brand?post=1931"},{"taxonomy":"product_cat","embeddable":true,"href":"http:\/\/alianas.cz\/cz\/wp-json\/wp\/v2\/product_cat?post=1931"},{"taxonomy":"product_tag","embeddable":true,"href":"http:\/\/alianas.cz\/cz\/wp-json\/wp\/v2\/product_tag?post=1931"}],"curies":[{"name":"wp","href":"https:\/\/api.w.org\/{rel}","templated":true}]}}