{"id":1942,"date":"2024-08-08T22:48:50","date_gmt":"2024-08-08T20:48:50","guid":{"rendered":"https:\/\/alianas.cz\/?post_type=product&#038;p=1942"},"modified":"2024-08-13T10:08:29","modified_gmt":"2024-08-13T08:08:29","slug":"gradient-topaz-nahrdelnik-925-1000-ag","status":"publish","type":"product","link":"http:\/\/alianas.cz\/cz\/obchod\/limitovane-sperky\/retizky\/gradient-topaz-nahrdelnik-925-1000-ag\/","title":{"rendered":"GRADIENT TOPAZ n\u00e1hrdeln\u00edk, 925\/1000 Ag"},"content":{"rendered":"<p class=\"p1\">Ostr\u00fd a vzne\u0161en\u00fd design tohoto mistrovsk\u00e9ho n\u00e1hrdeln\u00edku z kolekce &#8222;Gradient&#8220; symbolizuje s\u00edlu individuality. N\u00e1hrdeln\u00edk zrcadl\u00ed s\u00edlu osobn\u00edho rozvoje a hlubok\u00e9ho propojen\u00ed se sebou sam\u00fdm. N\u00e1hrdeln\u00edk zd\u016fraz\u0148uje zast\u00e1n\u00ed unik\u00e1tnosti a sebel\u00e1sky, kter\u00e1 je ned\u00edlnou sou\u010d\u00e1st\u00ed n\u00e1s samotn\u00fdch.<\/p>\n","protected":false},"excerpt":{"rendered":"<p class=\"p1\">Ostr\u00fd a vzne\u0161en\u00fd design tohoto mistrovsk\u00e9ho n\u00e1hrdeln\u00edku z kolekce &#8222;Gradient&#8220; symbolizuje s\u00edlu individuality. N\u00e1hrdeln\u00edk zrcadl\u00ed s\u00edlu osobn\u00edho rozvoje a hlubok\u00e9ho propojen\u00ed se sebou sam\u00fdm. N\u00e1hrdeln\u00edk zd\u016fraz\u0148uje zast\u00e1n\u00ed unik\u00e1tnosti a sebel\u00e1sky, kter\u00e1 je ned\u00edlnou sou\u010d\u00e1st\u00ed n\u00e1s samotn\u00fdch.<\/p>\n","protected":false},"featured_media":1953,"template":"","meta":{"_acf_changed":false},"product_brand":[],"product_cat":[93,92],"product_tag":[],"class_list":{"0":"post-1942","1":"product","2":"type-product","3":"status-publish","4":"has-post-thumbnail","6":"product_cat-gradient","7":"product_cat-retizky","9":"first","10":"instock","11":"shipping-taxable","12":"purchasable","13":"product-type-variable","14":"has-default-attributes"},"acf":[],"_links":{"self":[{"href":"http:\/\/alianas.cz\/cz\/wp-json\/wp\/v2\/product\/1942","targetHints":{"allow":["GET"]}}],"collection":[{"href":"http:\/\/alianas.cz\/cz\/wp-json\/wp\/v2\/product"}],"about":[{"href":"http:\/\/alianas.cz\/cz\/wp-json\/wp\/v2\/types\/product"}],"wp:featuredmedia":[{"embeddable":true,"href":"http:\/\/alianas.cz\/cz\/wp-json\/wp\/v2\/media\/1953"}],"wp:attachment":[{"href":"http:\/\/alianas.cz\/cz\/wp-json\/wp\/v2\/media?parent=1942"}],"wp:term":[{"taxonomy":"product_brand","embeddable":true,"href":"http:\/\/alianas.cz\/cz\/wp-json\/wp\/v2\/product_brand?post=1942"},{"taxonomy":"product_cat","embeddable":true,"href":"http:\/\/alianas.cz\/cz\/wp-json\/wp\/v2\/product_cat?post=1942"},{"taxonomy":"product_tag","embeddable":true,"href":"http:\/\/alianas.cz\/cz\/wp-json\/wp\/v2\/product_tag?post=1942"}],"curies":[{"name":"wp","href":"https:\/\/api.w.org\/{rel}","templated":true}]}}