{"id":2148,"date":"2025-02-05T17:35:28","date_gmt":"2025-02-05T16:35:28","guid":{"rendered":"https:\/\/alianas.cz\/?post_type=product&#038;p=2148"},"modified":"2025-02-05T17:39:53","modified_gmt":"2025-02-05T16:39:53","slug":"emerald-privesek-585-1000-au-091g","status":"publish","type":"product","link":"http:\/\/alianas.cz\/cz\/obchod\/limitovane-sperky\/privesky\/emerald-privesek-585-1000-au-091g\/","title":{"rendered":"EMERALD p\u0159\u00edv\u011bsek, 585\/1000 Au, 0,91g"},"content":{"rendered":"","protected":false},"excerpt":{"rendered":"","protected":false},"featured_media":2149,"template":"","meta":{"_acf_changed":false},"product_brand":[],"product_cat":[90],"product_tag":[],"class_list":{"0":"post-2148","1":"product","2":"type-product","3":"status-publish","4":"has-post-thumbnail","6":"product_cat-privesky","8":"first","9":"instock","10":"shipping-taxable","11":"purchasable","12":"product-type-simple"},"acf":[],"_links":{"self":[{"href":"http:\/\/alianas.cz\/cz\/wp-json\/wp\/v2\/product\/2148","targetHints":{"allow":["GET"]}}],"collection":[{"href":"http:\/\/alianas.cz\/cz\/wp-json\/wp\/v2\/product"}],"about":[{"href":"http:\/\/alianas.cz\/cz\/wp-json\/wp\/v2\/types\/product"}],"wp:featuredmedia":[{"embeddable":true,"href":"http:\/\/alianas.cz\/cz\/wp-json\/wp\/v2\/media\/2149"}],"wp:attachment":[{"href":"http:\/\/alianas.cz\/cz\/wp-json\/wp\/v2\/media?parent=2148"}],"wp:term":[{"taxonomy":"product_brand","embeddable":true,"href":"http:\/\/alianas.cz\/cz\/wp-json\/wp\/v2\/product_brand?post=2148"},{"taxonomy":"product_cat","embeddable":true,"href":"http:\/\/alianas.cz\/cz\/wp-json\/wp\/v2\/product_cat?post=2148"},{"taxonomy":"product_tag","embeddable":true,"href":"http:\/\/alianas.cz\/cz\/wp-json\/wp\/v2\/product_tag?post=2148"}],"curies":[{"name":"wp","href":"https:\/\/api.w.org\/{rel}","templated":true}]}}