{"id":2173,"date":"2025-06-09T22:00:51","date_gmt":"2025-06-09T20:00:51","guid":{"rendered":"https:\/\/alianas.cz\/?post_type=product&#038;p=2173"},"modified":"2025-08-25T14:31:17","modified_gmt":"2025-08-25T12:31:17","slug":"you-are-a-fuking-star-prsten-925-1000-ag","status":"publish","type":"product","link":"http:\/\/alianas.cz\/cz\/obchod\/limitovane-sperky\/prsteny\/you-are-a-fuking-star-prsten-925-1000-ag\/","title":{"rendered":"You Are a Fu*king Star prsten, 925\/1000 Ag"},"content":{"rendered":"<p>Nen\u00ed t\u0159eba b\u00fdt v\u00edc, ani m\u00ed\u0148, ne\u017e vlastn\u011b jsi. Tenhle prsten ti to bude p\u0159ipom\u00ednat ka\u017ed\u00fd den. Z\u00e1\u0159\u00ed\u0161, proto\u017ee..<br \/>\nYou Are a Fu*king Star<\/p>\n","protected":false},"excerpt":{"rendered":"<p>Nen\u00ed t\u0159eba b\u00fdt v\u00edc, ani m\u00ed\u0148, ne\u017e vlastn\u011b jsi. Tenhle prsten ti to bude p\u0159ipom\u00ednat ka\u017ed\u00fd den. Z\u00e1\u0159\u00ed\u0161, proto\u017ee..<br \/>\nYou Are a Fu*king Star<\/p>\n","protected":false},"featured_media":2192,"template":"","meta":{"_acf_changed":false},"product_brand":[],"product_cat":[91,121],"product_tag":[],"class_list":{"0":"post-2173","1":"product","2":"type-product","3":"status-publish","4":"has-post-thumbnail","6":"product_cat-prsteny","7":"product_cat-you-are-a-fuking-star","9":"first","10":"onbackorder","11":"purchasable","12":"product-type-variable","13":"has-default-attributes"},"acf":[],"_links":{"self":[{"href":"http:\/\/alianas.cz\/cz\/wp-json\/wp\/v2\/product\/2173","targetHints":{"allow":["GET"]}}],"collection":[{"href":"http:\/\/alianas.cz\/cz\/wp-json\/wp\/v2\/product"}],"about":[{"href":"http:\/\/alianas.cz\/cz\/wp-json\/wp\/v2\/types\/product"}],"wp:featuredmedia":[{"embeddable":true,"href":"http:\/\/alianas.cz\/cz\/wp-json\/wp\/v2\/media\/2192"}],"wp:attachment":[{"href":"http:\/\/alianas.cz\/cz\/wp-json\/wp\/v2\/media?parent=2173"}],"wp:term":[{"taxonomy":"product_brand","embeddable":true,"href":"http:\/\/alianas.cz\/cz\/wp-json\/wp\/v2\/product_brand?post=2173"},{"taxonomy":"product_cat","embeddable":true,"href":"http:\/\/alianas.cz\/cz\/wp-json\/wp\/v2\/product_cat?post=2173"},{"taxonomy":"product_tag","embeddable":true,"href":"http:\/\/alianas.cz\/cz\/wp-json\/wp\/v2\/product_tag?post=2173"}],"curies":[{"name":"wp","href":"https:\/\/api.w.org\/{rel}","templated":true}]}}