{"id":2193,"date":"2025-06-10T18:11:01","date_gmt":"2025-06-10T16:11:01","guid":{"rendered":"https:\/\/alianas.cz\/?post_type=product&#038;p=2193"},"modified":"2025-08-25T14:32:04","modified_gmt":"2025-08-25T12:32:04","slug":"you-are-a-fuking-star-nahrdelnik-925-1000-ag-11g","status":"publish","type":"product","link":"http:\/\/alianas.cz\/cz\/obchod\/limitovane-sperky\/retizky\/you-are-a-fuking-star-nahrdelnik-925-1000-ag-11g\/","title":{"rendered":"You Are a Fu*king Star n\u00e1hrdeln\u00edk, 925\/1000 Ag, 11g"},"content":{"rendered":"<p>Nen\u00ed t\u0159eba b\u00fdt v\u00edc, ani m\u00ed\u0148, ne\u017e vlastn\u011b jsi. Tenhle n\u00e1hrdeln\u00edk ti to bude p\u0159ipom\u00ednat ka\u017ed\u00fd den. Z\u00e1\u0159\u00ed\u0161, proto\u017ee..<br \/>\nYou Are a Fu*king Star<\/p>\n","protected":false},"excerpt":{"rendered":"<p>Nen\u00ed t\u0159eba b\u00fdt v\u00edc, ani m\u00ed\u0148, ne\u017e vlastn\u011b jsi. Tenhle n\u00e1hrdeln\u00edk ti to bude p\u0159ipom\u00ednat ka\u017ed\u00fd den. Z\u00e1\u0159\u00ed\u0161, proto\u017ee..<br \/>\nYou Are a Fu*king Star<\/p>\n","protected":false},"featured_media":2195,"template":"","meta":{"_acf_changed":false},"product_brand":[],"product_cat":[92,121],"product_tag":[],"class_list":{"0":"post-2193","1":"product","2":"type-product","3":"status-publish","4":"has-post-thumbnail","6":"product_cat-retizky","7":"product_cat-you-are-a-fuking-star","9":"first","10":"onbackorder","11":"shipping-taxable","12":"purchasable","13":"product-type-variable","14":"has-default-attributes"},"acf":[],"_links":{"self":[{"href":"http:\/\/alianas.cz\/cz\/wp-json\/wp\/v2\/product\/2193","targetHints":{"allow":["GET"]}}],"collection":[{"href":"http:\/\/alianas.cz\/cz\/wp-json\/wp\/v2\/product"}],"about":[{"href":"http:\/\/alianas.cz\/cz\/wp-json\/wp\/v2\/types\/product"}],"wp:featuredmedia":[{"embeddable":true,"href":"http:\/\/alianas.cz\/cz\/wp-json\/wp\/v2\/media\/2195"}],"wp:attachment":[{"href":"http:\/\/alianas.cz\/cz\/wp-json\/wp\/v2\/media?parent=2193"}],"wp:term":[{"taxonomy":"product_brand","embeddable":true,"href":"http:\/\/alianas.cz\/cz\/wp-json\/wp\/v2\/product_brand?post=2193"},{"taxonomy":"product_cat","embeddable":true,"href":"http:\/\/alianas.cz\/cz\/wp-json\/wp\/v2\/product_cat?post=2193"},{"taxonomy":"product_tag","embeddable":true,"href":"http:\/\/alianas.cz\/cz\/wp-json\/wp\/v2\/product_tag?post=2193"}],"curies":[{"name":"wp","href":"https:\/\/api.w.org\/{rel}","templated":true}]}}