{"id":2286,"date":"2025-10-08T14:47:31","date_gmt":"2025-10-08T12:47:31","guid":{"rendered":"https:\/\/alianas.cz\/?post_type=product&#038;p=2286"},"modified":"2025-10-12T13:14:21","modified_gmt":"2025-10-12T11:14:21","slug":"ufo-nahrdelnik-925-1000-ag","status":"publish","type":"product","link":"http:\/\/alianas.cz\/cz\/obchod\/limitovane-sperky\/retizky\/ufo-nahrdelnik-925-1000-ag\/","title":{"rendered":"UFO n\u00e1hrdeln\u00edk, 925\/1000 Ag, 15,3"},"content":{"rendered":"<p>V\u011b\u0159\u00ed\u0161 v UFO?<\/p>\n","protected":false},"excerpt":{"rendered":"<p>V\u011b\u0159\u00ed\u0161 v UFO?<\/p>\n","protected":false},"featured_media":2350,"template":"","meta":{"_acf_changed":false},"product_brand":[],"product_cat":[92,123],"product_tag":[],"class_list":{"0":"post-2286","1":"product","2":"type-product","3":"status-publish","4":"has-post-thumbnail","6":"product_cat-retizky","7":"product_cat-ufo","9":"first","10":"onbackorder","11":"shipping-taxable","12":"purchasable","13":"product-type-variable","14":"has-default-attributes"},"acf":[],"_links":{"self":[{"href":"http:\/\/alianas.cz\/cz\/wp-json\/wp\/v2\/product\/2286","targetHints":{"allow":["GET"]}}],"collection":[{"href":"http:\/\/alianas.cz\/cz\/wp-json\/wp\/v2\/product"}],"about":[{"href":"http:\/\/alianas.cz\/cz\/wp-json\/wp\/v2\/types\/product"}],"wp:featuredmedia":[{"embeddable":true,"href":"http:\/\/alianas.cz\/cz\/wp-json\/wp\/v2\/media\/2350"}],"wp:attachment":[{"href":"http:\/\/alianas.cz\/cz\/wp-json\/wp\/v2\/media?parent=2286"}],"wp:term":[{"taxonomy":"product_brand","embeddable":true,"href":"http:\/\/alianas.cz\/cz\/wp-json\/wp\/v2\/product_brand?post=2286"},{"taxonomy":"product_cat","embeddable":true,"href":"http:\/\/alianas.cz\/cz\/wp-json\/wp\/v2\/product_cat?post=2286"},{"taxonomy":"product_tag","embeddable":true,"href":"http:\/\/alianas.cz\/cz\/wp-json\/wp\/v2\/product_tag?post=2286"}],"curies":[{"name":"wp","href":"https:\/\/api.w.org\/{rel}","templated":true}]}}