{"id":442,"date":"2023-11-05T12:54:17","date_gmt":"2023-11-05T11:54:17","guid":{"rendered":"https:\/\/alianas.mrkninaweb.cz\/produkt\/heart-pendant-bile-zlato-14k\/"},"modified":"2023-11-14T21:37:14","modified_gmt":"2023-11-14T20:37:14","slug":"heart-pendant-bile-zlato","status":"publish","type":"product","link":"http:\/\/alianas.cz\/cz\/obchod\/na-objednavku\/heart-pendant-bile-zlato\/","title":{"rendered":"HEART p\u0159\u00edv\u011bsek, 585\/1000 Au, 0,5g"},"content":{"rendered":"<p>Ru\u010dn\u011b vyr\u00e1b\u011bn\u00fd p\u0159\u00edv\u011bsek ve tvaru. Mo\u017enost vyryt\u00ed inic\u00e1ly, data \u010di obrysu. Va\u0161e specifikace ryt\u00ed zadejte do pozn\u00e1mky p\u0159i platb\u011b. Ryt\u00ed je v cen\u011b produktu. Cena nezahrnuje \u0159et\u00edzek.<\/p>\n","protected":false},"excerpt":{"rendered":"<p>Ru\u010dn\u011b vyr\u00e1b\u011bn\u00fd p\u0159\u00edv\u011bsek ve tvaru. Mo\u017enost vyryt\u00ed inic\u00e1ly, data \u010di obrysu. Va\u0161e specifikace ryt\u00ed zadejte do pozn\u00e1mky p\u0159i platb\u011b. Ryt\u00ed je v cen\u011b produktu. Cena nezahrnuje \u0159et\u00edzek.<\/p>\n","protected":false},"featured_media":785,"template":"","meta":{"_acf_changed":false},"product_brand":[],"product_cat":[87],"product_tag":[],"class_list":{"0":"post-442","1":"product","2":"type-product","3":"status-publish","4":"has-post-thumbnail","6":"product_cat-na-objednavku","8":"first","9":"onbackorder","10":"purchasable","11":"product-type-simple"},"acf":[],"_links":{"self":[{"href":"http:\/\/alianas.cz\/cz\/wp-json\/wp\/v2\/product\/442","targetHints":{"allow":["GET"]}}],"collection":[{"href":"http:\/\/alianas.cz\/cz\/wp-json\/wp\/v2\/product"}],"about":[{"href":"http:\/\/alianas.cz\/cz\/wp-json\/wp\/v2\/types\/product"}],"wp:featuredmedia":[{"embeddable":true,"href":"http:\/\/alianas.cz\/cz\/wp-json\/wp\/v2\/media\/785"}],"wp:attachment":[{"href":"http:\/\/alianas.cz\/cz\/wp-json\/wp\/v2\/media?parent=442"}],"wp:term":[{"taxonomy":"product_brand","embeddable":true,"href":"http:\/\/alianas.cz\/cz\/wp-json\/wp\/v2\/product_brand?post=442"},{"taxonomy":"product_cat","embeddable":true,"href":"http:\/\/alianas.cz\/cz\/wp-json\/wp\/v2\/product_cat?post=442"},{"taxonomy":"product_tag","embeddable":true,"href":"http:\/\/alianas.cz\/cz\/wp-json\/wp\/v2\/product_tag?post=442"}],"curies":[{"name":"wp","href":"https:\/\/api.w.org\/{rel}","templated":true}]}}