{"id":210,"date":"2023-10-12T21:19:12","date_gmt":"2023-10-12T19:19:12","guid":{"rendered":"https:\/\/alianas.mrkninaweb.cz\/?page_id=210"},"modified":"2023-11-05T19:29:26","modified_gmt":"2023-11-05T18:29:26","slug":"o-alianas","status":"publish","type":"page","link":"http:\/\/alianas.cz\/en\/o-alianas\/","title":{"rendered":"About Alianas"},"content":{"rendered":"<p class=\"has-text-align-center\">Welcome to \"Alianas\" - a name that carries the heavy weight of three generations of passion, craft and tradition. What began as a humble studio in 1990, when my grandfather first laid the foundation for our family's jewellery-making journey, has evolved into a new brand that still preserves the unbridled beauty of this beautiful industry.<\/p>\n\n\n\n<p class=\"has-text-align-center\">As the bearer of this heirloom tradition, I feel immense pride in creating jewellery that tells a story of enduring love and devotion to a craft associated with wealth and beauty. My designs combine the rich experience of my ancestral jewellery making with modern innovation, creating pieces that are more than just adornment. We invite you to discover our realm of \"Alianas\" where each piece is a testament to our family's unshakeable commitment to creating luxury, beauty and distinctiveness that has endured for generations.<\/p>","protected":false},"excerpt":{"rendered":"<p>V\u00edtejte v &#8222;Alianas&#8220; \u2013 jm\u00e9no, kter\u00e9 nese t\u011b\u017ekou v\u00e1hu t\u0159\u00ed generac\u00ed v\u00e1\u0161n\u011b, \u0159emesla a tradice. To, co za\u010dalo jako skromn\u00fd ateli\u00e9r roku 1990, kdy m\u016fj d\u011bde\u010dek poprv\u00e9 polo\u017eil z\u00e1klady na\u0161\u00ed rodinn\u00e9 cesty v oblasti \u0161perka\u0159stv\u00ed, se vyvinulo v novou zna\u010dku, kter\u00e1 st\u00e1le zachov\u00e1v\u00e1 nespoutanou kr\u00e1su tohoto p\u0159ekr\u00e1sn\u00e9ho oboru. Jako nositel t\u00e9to d\u011bdi\u010dn\u00e9 tradice c\u00edt\u00edm obrovskou [&hellip;]<\/p>\n","protected":false},"author":1,"featured_media":0,"parent":0,"menu_order":0,"comment_status":"closed","ping_status":"closed","template":"","meta":{"_acf_changed":false,"footnotes":""},"class_list":["post-210","page","type-page","status-publish","hentry"],"acf":[],"_links":{"self":[{"href":"http:\/\/alianas.cz\/en\/wp-json\/wp\/v2\/pages\/210","targetHints":{"allow":["GET"]}}],"collection":[{"href":"http:\/\/alianas.cz\/en\/wp-json\/wp\/v2\/pages"}],"about":[{"href":"http:\/\/alianas.cz\/en\/wp-json\/wp\/v2\/types\/page"}],"author":[{"embeddable":true,"href":"http:\/\/alianas.cz\/en\/wp-json\/wp\/v2\/users\/1"}],"replies":[{"embeddable":true,"href":"http:\/\/alianas.cz\/en\/wp-json\/wp\/v2\/comments?post=210"}],"version-history":[{"count":5,"href":"http:\/\/alianas.cz\/en\/wp-json\/wp\/v2\/pages\/210\/revisions"}],"predecessor-version":[{"id":976,"href":"http:\/\/alianas.cz\/en\/wp-json\/wp\/v2\/pages\/210\/revisions\/976"}],"wp:attachment":[{"href":"http:\/\/alianas.cz\/en\/wp-json\/wp\/v2\/media?parent=210"}],"curies":[{"name":"wp","href":"https:\/\/api.w.org\/{rel}","templated":true}]}}