{"id":226,"date":"2023-10-16T17:35:09","date_gmt":"2023-10-16T15:35:09","guid":{"rendered":"https:\/\/alianas.mrkninaweb.cz\/?page_id=226"},"modified":"2024-12-20T22:48:51","modified_gmt":"2024-12-20T21:48:51","slug":"zakazkova-vyroba","status":"publish","type":"page","link":"http:\/\/alianas.cz\/en\/zakazkova-vyroba\/","title":{"rendered":"CUSTOM JEWELLERY"},"content":{"rendered":"<div class=\"wp-block-group\"><div class=\"wp-block-group__inner-container is-layout-constrained wp-block-group-is-layout-constrained\">\n<h3 class=\"wp-block-heading has-text-align-center\">Konzultace<\/h3>\n\n\n\n<p class=\"has-text-align-center\">Konzultace o Va\u0161em custom \u0161perku se d\u00e1 prov\u00e9st osobn\u011b v ateli\u00e9ru, telefonicky nebo e-mailem.<\/p>\n<\/div><\/div>\n\n\n\n<div class=\"wp-block-group\"><div class=\"wp-block-group__inner-container is-layout-constrained wp-block-group-is-layout-constrained\">\n<h3 class=\"wp-block-heading has-text-align-center\">Zpracov\u00e1n\u00ed n\u00e1vrhu<\/h3>\n\n\n\n<p class=\"has-text-align-center\">P\u0159i zpracov\u00e1n\u00ed n\u00e1vrhu si up\u0159esn\u00edme detaily, materi\u00e1l a p\u0159\u00edpadn\u011b podrobnosti o parametrech drahokam\u016f.<\/p>\n\n\n\n<h3 class=\"wp-block-heading has-text-align-center\">V\u00fdroba<\/h3>\n\n\n\n<p class=\"has-text-align-center\">Dle n\u00e1ro\u010dnosti designu zvol\u00edm nejvhodn\u011bj\u0161\u00ed technologii v\u00fdroby. Prim\u00e1rn\u011b vol\u00edm 3D modelaci. U natur\u00e1ln\u011bj\u0161\u00edch design\u016f \u0161perk vyr\u00e1b\u00edm ru\u010dn\u011b pomoc\u00ed metody ztracen\u00e9ho vosku. <\/p>\n<\/div><\/div>\n\n\n\n<div class=\"wp-block-group\"><div class=\"wp-block-group__inner-container is-layout-constrained wp-block-group-is-layout-constrained\">\n<h3 class=\"wp-block-heading has-text-align-center\">P\u0159ed\u00e1n\u00ed<\/h3>\n\n\n\n<p class=\"has-text-align-center\">Hotov\u00fd \u0161perk lze vyzvednout v Ateli\u00e9ru, nebo jej lze zaslat na adresu. <\/p>\n<\/div><\/div>","protected":false},"excerpt":{"rendered":"<p>Konzultace Konzultace o Va\u0161em custom \u0161perku se d\u00e1 prov\u00e9st osobn\u011b v ateli\u00e9ru, telefonicky nebo e-mailem. Zpracov\u00e1n\u00ed n\u00e1vrhu P\u0159i zpracov\u00e1n\u00ed n\u00e1vrhu si up\u0159esn\u00edme detaily, materi\u00e1l a p\u0159\u00edpadn\u011b podrobnosti o parametrech drahokam\u016f. V\u00fdroba Dle n\u00e1ro\u010dnosti designu zvol\u00edm nejvhodn\u011bj\u0161\u00ed technologii v\u00fdroby. Prim\u00e1rn\u011b vol\u00edm 3D modelaci. U natur\u00e1ln\u011bj\u0161\u00edch design\u016f \u0161perk vyr\u00e1b\u00edm ru\u010dn\u011b pomoc\u00ed metody ztracen\u00e9ho vosku. P\u0159ed\u00e1n\u00ed Hotov\u00fd \u0161perk [&hellip;]<\/p>\n","protected":false},"author":1,"featured_media":0,"parent":0,"menu_order":0,"comment_status":"closed","ping_status":"closed","template":"","meta":{"_acf_changed":false,"footnotes":""},"class_list":["post-226","page","type-page","status-publish","hentry"],"acf":[],"_links":{"self":[{"href":"http:\/\/alianas.cz\/en\/wp-json\/wp\/v2\/pages\/226","targetHints":{"allow":["GET"]}}],"collection":[{"href":"http:\/\/alianas.cz\/en\/wp-json\/wp\/v2\/pages"}],"about":[{"href":"http:\/\/alianas.cz\/en\/wp-json\/wp\/v2\/types\/page"}],"author":[{"embeddable":true,"href":"http:\/\/alianas.cz\/en\/wp-json\/wp\/v2\/users\/1"}],"replies":[{"embeddable":true,"href":"http:\/\/alianas.cz\/en\/wp-json\/wp\/v2\/comments?post=226"}],"version-history":[{"count":13,"href":"http:\/\/alianas.cz\/en\/wp-json\/wp\/v2\/pages\/226\/revisions"}],"predecessor-version":[{"id":2010,"href":"http:\/\/alianas.cz\/en\/wp-json\/wp\/v2\/pages\/226\/revisions\/2010"}],"wp:attachment":[{"href":"http:\/\/alianas.cz\/en\/wp-json\/wp\/v2\/media?parent=226"}],"curies":[{"name":"wp","href":"https:\/\/api.w.org\/{rel}","templated":true}]}}