{"id":1415,"date":"2023-11-17T18:59:58","date_gmt":"2023-11-17T17:59:58","guid":{"rendered":"https:\/\/alianas.cz\/?post_type=product&#038;p=1415"},"modified":"2023-11-17T20:22:13","modified_gmt":"2023-11-17T19:22:13","slug":"digitalni-voucher-na-sperk","status":"publish","type":"product","link":"http:\/\/alianas.cz\/en\/obchod\/poukazy\/digitalni-voucher-na-sperk\/","title":{"rendered":"DIGIT\u00c1LN\u00cd VOUCHER NA \u0160PERK"},"content":{"rendered":"","protected":false},"excerpt":{"rendered":"<p>Zakoupen\u00edm digit\u00e1ln\u00edho voucheru obdr\u017e\u00edte email s tiskov\u00fdm materi\u00e1lem ve form\u011b PDF.<\/p>","protected":false},"featured_media":1418,"template":"","meta":{"_acf_changed":false},"product_brand":[],"product_cat":[115],"product_tag":[],"class_list":{"0":"post-1415","1":"product","2":"type-product","3":"status-publish","4":"has-post-thumbnail","6":"product_cat-poukazy","8":"first","9":"instock","10":"shipping-taxable","11":"purchasable","12":"product-type-variable"},"acf":[],"_links":{"self":[{"href":"http:\/\/alianas.cz\/en\/wp-json\/wp\/v2\/product\/1415","targetHints":{"allow":["GET"]}}],"collection":[{"href":"http:\/\/alianas.cz\/en\/wp-json\/wp\/v2\/product"}],"about":[{"href":"http:\/\/alianas.cz\/en\/wp-json\/wp\/v2\/types\/product"}],"wp:featuredmedia":[{"embeddable":true,"href":"http:\/\/alianas.cz\/en\/wp-json\/wp\/v2\/media\/1418"}],"wp:attachment":[{"href":"http:\/\/alianas.cz\/en\/wp-json\/wp\/v2\/media?parent=1415"}],"wp:term":[{"taxonomy":"product_brand","embeddable":true,"href":"http:\/\/alianas.cz\/en\/wp-json\/wp\/v2\/product_brand?post=1415"},{"taxonomy":"product_cat","embeddable":true,"href":"http:\/\/alianas.cz\/en\/wp-json\/wp\/v2\/product_cat?post=1415"},{"taxonomy":"product_tag","embeddable":true,"href":"http:\/\/alianas.cz\/en\/wp-json\/wp\/v2\/product_tag?post=1415"}],"curies":[{"name":"wp","href":"https:\/\/api.w.org\/{rel}","templated":true}]}}