{"id":1558,"date":"2023-12-01T15:40:45","date_gmt":"2023-12-01T14:40:45","guid":{"rendered":"https:\/\/alianas.cz\/?post_type=product&#038;p=1558"},"modified":"2023-12-11T18:12:46","modified_gmt":"2023-12-11T17:12:46","slug":"blaze-topaz-nahrdelnik-925-1000-ag-118g","status":"publish","type":"product","link":"http:\/\/alianas.cz\/en\/obchod\/limitovane-sperky\/retizky\/blaze-topaz-nahrdelnik-925-1000-ag-118g\/","title":{"rendered":"BLAZE TOPAZ n\u00e1hrdeln\u00edk, 925\/1000 Ag, 11,8g"},"content":{"rendered":"<p>N\u00e1hrdeln\u00edk z kolekce &#8218;Blaze&#8216;, kter\u00fd je inspirov\u00e1n kr\u00e1sou p\u0159\u00edrodn\u00edho procesu tekouc\u00ed l\u00e1vy.<\/p>","protected":false},"excerpt":{"rendered":"<p class=\"p1\">N\u00e1hrdeln\u00edk z kolekce &#8218;Blaze&#8216;, kter\u00fd je inspirov\u00e1n kr\u00e1sou p\u0159\u00edrodn\u00edho procesu tekouc\u00ed l\u00e1vy.<\/p>","protected":false},"featured_media":1563,"template":"","meta":{"_acf_changed":false},"product_brand":[],"product_cat":[117,92],"product_tag":[],"class_list":{"0":"post-1558","1":"product","2":"type-product","3":"status-publish","4":"has-post-thumbnail","6":"product_cat-blaze","7":"product_cat-retizky","9":"first","10":"onbackorder","11":"purchasable","12":"product-type-variable","13":"has-default-attributes"},"acf":[],"_links":{"self":[{"href":"http:\/\/alianas.cz\/en\/wp-json\/wp\/v2\/product\/1558","targetHints":{"allow":["GET"]}}],"collection":[{"href":"http:\/\/alianas.cz\/en\/wp-json\/wp\/v2\/product"}],"about":[{"href":"http:\/\/alianas.cz\/en\/wp-json\/wp\/v2\/types\/product"}],"wp:featuredmedia":[{"embeddable":true,"href":"http:\/\/alianas.cz\/en\/wp-json\/wp\/v2\/media\/1563"}],"wp:attachment":[{"href":"http:\/\/alianas.cz\/en\/wp-json\/wp\/v2\/media?parent=1558"}],"wp:term":[{"taxonomy":"product_brand","embeddable":true,"href":"http:\/\/alianas.cz\/en\/wp-json\/wp\/v2\/product_brand?post=1558"},{"taxonomy":"product_cat","embeddable":true,"href":"http:\/\/alianas.cz\/en\/wp-json\/wp\/v2\/product_cat?post=1558"},{"taxonomy":"product_tag","embeddable":true,"href":"http:\/\/alianas.cz\/en\/wp-json\/wp\/v2\/product_tag?post=1558"}],"curies":[{"name":"wp","href":"https:\/\/api.w.org\/{rel}","templated":true}]}}