{"id":2133,"date":"2025-02-05T15:57:47","date_gmt":"2025-02-05T14:57:47","guid":{"rendered":"https:\/\/alianas.cz\/?post_type=product&#038;p=2133"},"modified":"2025-02-05T16:50:32","modified_gmt":"2025-02-05T15:50:32","slug":"diamond-nausnice-45mm-585-1000-au-118g","status":"publish","type":"product","link":"http:\/\/alianas.cz\/en\/obchod\/limitovane-sperky\/nausnice\/diamond-nausnice-45mm-585-1000-au-118g\/","title":{"rendered":"DIAMOND n\u00e1u\u0161nice 4,5mm , 585\/1000 Au, 1,18g"},"content":{"rendered":"<p>Cena i parametry jsou za p\u00e1r. V p\u0159\u00edpad\u011b z\u00e1jmu pouze o 1 kus m\u011b nev\u00e1hejte kontaktovat.<\/p>","protected":false},"excerpt":{"rendered":"<p>Cena i parametry jsou za p\u00e1r. V p\u0159\u00edpad\u011b z\u00e1jmu pouze o 1 kus m\u011b nev\u00e1hejte kontaktovat.<\/p>","protected":false},"featured_media":2134,"template":"","meta":{"_acf_changed":false},"product_brand":[],"product_cat":[89],"product_tag":[],"class_list":{"0":"post-2133","1":"product","2":"type-product","3":"status-publish","4":"has-post-thumbnail","6":"product_cat-nausnice","8":"first","9":"instock","10":"shipping-taxable","11":"purchasable","12":"product-type-simple"},"acf":[],"_links":{"self":[{"href":"http:\/\/alianas.cz\/en\/wp-json\/wp\/v2\/product\/2133","targetHints":{"allow":["GET"]}}],"collection":[{"href":"http:\/\/alianas.cz\/en\/wp-json\/wp\/v2\/product"}],"about":[{"href":"http:\/\/alianas.cz\/en\/wp-json\/wp\/v2\/types\/product"}],"wp:featuredmedia":[{"embeddable":true,"href":"http:\/\/alianas.cz\/en\/wp-json\/wp\/v2\/media\/2134"}],"wp:attachment":[{"href":"http:\/\/alianas.cz\/en\/wp-json\/wp\/v2\/media?parent=2133"}],"wp:term":[{"taxonomy":"product_brand","embeddable":true,"href":"http:\/\/alianas.cz\/en\/wp-json\/wp\/v2\/product_brand?post=2133"},{"taxonomy":"product_cat","embeddable":true,"href":"http:\/\/alianas.cz\/en\/wp-json\/wp\/v2\/product_cat?post=2133"},{"taxonomy":"product_tag","embeddable":true,"href":"http:\/\/alianas.cz\/en\/wp-json\/wp\/v2\/product_tag?post=2133"}],"curies":[{"name":"wp","href":"https:\/\/api.w.org\/{rel}","templated":true}]}}