{"id":2220,"date":"2025-10-01T12:22:29","date_gmt":"2025-10-01T10:22:29","guid":{"rendered":"https:\/\/alianas.cz\/?post_type=product&#038;p=2220"},"modified":"2025-12-29T08:43:55","modified_gmt":"2025-12-29T07:43:55","slug":"ufo-prsten-925-1000-ag","status":"publish","type":"product","link":"http:\/\/alianas.cz\/en\/obchod\/limitovane-sperky\/prsteny\/ufo-prsten-925-1000-ag\/","title":{"rendered":"UFO prsten, 925\/1000 Ag"},"content":{"rendered":"<p>V\u011b\u0159\u00ed\u0161 v UFO?<\/p>","protected":false},"excerpt":{"rendered":"<p>V\u011b\u0159\u00ed\u0161 v UFO?<\/p>","protected":false},"featured_media":2283,"template":"","meta":{"_acf_changed":false},"product_brand":[],"product_cat":[91,123],"product_tag":[],"class_list":{"0":"post-2220","1":"product","2":"type-product","3":"status-publish","4":"has-post-thumbnail","6":"product_cat-prsteny","7":"product_cat-ufo","9":"first","10":"onbackorder","11":"purchasable","12":"product-type-variable","13":"has-default-attributes"},"acf":[],"_links":{"self":[{"href":"http:\/\/alianas.cz\/en\/wp-json\/wp\/v2\/product\/2220","targetHints":{"allow":["GET"]}}],"collection":[{"href":"http:\/\/alianas.cz\/en\/wp-json\/wp\/v2\/product"}],"about":[{"href":"http:\/\/alianas.cz\/en\/wp-json\/wp\/v2\/types\/product"}],"wp:featuredmedia":[{"embeddable":true,"href":"http:\/\/alianas.cz\/en\/wp-json\/wp\/v2\/media\/2283"}],"wp:attachment":[{"href":"http:\/\/alianas.cz\/en\/wp-json\/wp\/v2\/media?parent=2220"}],"wp:term":[{"taxonomy":"product_brand","embeddable":true,"href":"http:\/\/alianas.cz\/en\/wp-json\/wp\/v2\/product_brand?post=2220"},{"taxonomy":"product_cat","embeddable":true,"href":"http:\/\/alianas.cz\/en\/wp-json\/wp\/v2\/product_cat?post=2220"},{"taxonomy":"product_tag","embeddable":true,"href":"http:\/\/alianas.cz\/en\/wp-json\/wp\/v2\/product_tag?post=2220"}],"curies":[{"name":"wp","href":"https:\/\/api.w.org\/{rel}","templated":true}]}}