{"id":2382,"date":"2026-01-20T16:18:04","date_gmt":"2026-01-20T15:18:04","guid":{"rendered":"https:\/\/alianas.cz\/?post_type=product&#038;p=2382"},"modified":"2026-02-28T16:57:11","modified_gmt":"2026-02-28T15:57:11","slug":"vvs1-moissanite-green-6mm-nausnice","status":"publish","type":"product","link":"http:\/\/alianas.cz\/en\/obchod\/limitovane-sperky\/vvs1-moissanite-green-6mm-nausnice\/","title":{"rendered":"VVS1 Moissanite green 6mm n\u00e1u\u0161nice"},"content":{"rendered":"<p>Moissanitov\u00e9 n\u00e1u\u0161nice ze st\u0159\u00edbra s certifik\u00e1tem GRA<br \/>\nCena je za p\u00e1r.<\/p>","protected":false},"excerpt":{"rendered":"<p>Moissanitov\u00e9 n\u00e1u\u0161nice ze st\u0159\u00edbra s certifik\u00e1tem GRA Cena je za p\u00e1r.<\/p>","protected":false},"featured_media":2383,"template":"","meta":{"_acf_changed":false},"product_brand":[],"product_cat":[86,89],"product_tag":[124],"class_list":{"0":"post-2382","1":"product","2":"type-product","3":"status-publish","4":"has-post-thumbnail","6":"product_cat-limitovane-sperky","7":"product_cat-nausnice","8":"product_tag-moossanite-earrings","10":"first","11":"outofstock","12":"shipping-taxable","13":"purchasable","14":"product-type-simple"},"acf":[],"_links":{"self":[{"href":"http:\/\/alianas.cz\/en\/wp-json\/wp\/v2\/product\/2382","targetHints":{"allow":["GET"]}}],"collection":[{"href":"http:\/\/alianas.cz\/en\/wp-json\/wp\/v2\/product"}],"about":[{"href":"http:\/\/alianas.cz\/en\/wp-json\/wp\/v2\/types\/product"}],"wp:featuredmedia":[{"embeddable":true,"href":"http:\/\/alianas.cz\/en\/wp-json\/wp\/v2\/media\/2383"}],"wp:attachment":[{"href":"http:\/\/alianas.cz\/en\/wp-json\/wp\/v2\/media?parent=2382"}],"wp:term":[{"taxonomy":"product_brand","embeddable":true,"href":"http:\/\/alianas.cz\/en\/wp-json\/wp\/v2\/product_brand?post=2382"},{"taxonomy":"product_cat","embeddable":true,"href":"http:\/\/alianas.cz\/en\/wp-json\/wp\/v2\/product_cat?post=2382"},{"taxonomy":"product_tag","embeddable":true,"href":"http:\/\/alianas.cz\/en\/wp-json\/wp\/v2\/product_tag?post=2382"}],"curies":[{"name":"wp","href":"https:\/\/api.w.org\/{rel}","templated":true}]}}