{"id":1263,"date":"2023-11-10T21:33:34","date_gmt":"2023-11-10T20:33:34","guid":{"rendered":"https:\/\/alianas.mrkninaweb.cz\/?page_id=1263"},"modified":"2024-11-29T11:05:09","modified_gmt":"2024-11-29T10:05:09","slug":"doprava-a-platba","status":"publish","type":"page","link":"https:\/\/alianas.cz\/cz\/doprava-a-platba\/","title":{"rendered":"Doprava a platba"},"content":{"rendered":"\n<h2 class=\"wp-block-heading\">Platba<\/h2>\n\n\n\n<p>Platebn\u00ed operace zaji\u0161\u0165uje spole\u010dnost <a href=\"https:\/\/www.comgate.cz\/platebni-brana\" data-type=\"link\" data-id=\"https:\/\/www.comgate.cz\/platebni-brana\" target=\"_blank\" rel=\"noreferrer noopener\">ComGate Payments, a.s.<\/a><\/p>\n\n\n\n<p>Poskytujeme platby bankovn\u00edm p\u0159evodem. V\u00edce informac\u00ed najdete <a href=\"https:\/\/help.comgate.cz\/docs\/bankovni-prevody\" data-type=\"link\" data-id=\"https:\/\/help.comgate.cz\/docs\/bankovni-prevody\" target=\"_blank\" rel=\"noreferrer noopener\">zde<\/a>.<\/p>\n\n\n\n<h3 class=\"wp-block-heading\">Kontaktn\u00ed \u00fadaje na provozovatele platebn\u00ed br\u00e1ny<\/h3>\n\n\n\n<p>ComGate Payments, a.s.<\/p>\n\n\n\n<p>Go\u010d\u00e1rova t\u0159\u00edda 1754 \/ 48b, Hradec Kr\u00e1lov\u00e9<\/p>\n\n\n\n<p>E-mail:&nbsp;<a href=\"mailto:platby-podpora@comgate.cz\" rel=\"noreferrer noopener\" target=\"_blank\">platby-podpora@comgate.cz<\/a><\/p>\n\n\n\n<p>Tel:&nbsp;<a href=\"tel:+420228224267\" rel=\"noreferrer noopener\" target=\"_blank\">+420 228 224 267<\/a><\/p>\n\n\n\n<h2 class=\"wp-block-heading\">Doprava<\/h2>\n\n\n\n<p>Na na\u0161em e-shopu poskytujeme dopravu pouze u vybran\u00fdch produkt\u016f zdarma. Na zak\u00e1zkov\u00e9 \u0161perky, v\u010detn\u011b grillz, je cena po\u0161tovn\u00e9ho 180,- K\u010d. Po\u0161tovn\u00e9 zahrnuje poji\u0161t\u011bn\u00ed z\u00e1silky a obalov\u00fd materi\u00e1l. Z\u00e1kazn\u00edci maj\u00ed na v\u00fdb\u011br z n\u011bkolika typ\u016f dopravy.<\/p>\n\n\n\n<h3 class=\"wp-block-heading\">Osobn\u00ed vyzvednut\u00ed na showroomu<\/h3>\n\n\n\n<p>Vyzvedn\u011bte si svou objedn\u00e1vku p\u0159\u00edmo na na\u0161em showroomu v centru Prahy.<\/p>\n\n\n\n<p>Adresa showroomu: Na P\u0159\u00edkop\u011b 853\/12, 110 00, Praha 1 &#8211; Nov\u00e9 M\u011bsto<\/p>\n\n\n\n<h3 class=\"wp-block-heading\">\u010cesk\u00e1 po\u0161ta &#8211; cenn\u00e9 psan\u00ed<\/h3>\n\n\n\n<p>Doru\u010den\u00ed na adresu do \u010cesk\u00e9 republiky i na Slovensko.<\/p>\n\n\n\n<h3 class=\"wp-block-heading\">Z\u00e1silkovna (Packeta) &#8211; v\u00fddejn\u00ed m\u00edsta<\/h3>\n\n\n\n<p>Doru\u010den\u00ed do v\u00fddejn\u00edch m\u00edst po \u010cesk\u00e9 republice i Slovensku. Tento zp\u016fsob dopravy poskytujeme pouze u objedn\u00e1vek s celkovou hodnotou do 10 000 K\u010d.<\/p>\n\n\n\n<h3 class=\"wp-block-heading\">Z\u00e1silkovna (Packeta) &#8211; doru\u010den\u00ed dom\u016f<\/h3>\n\n\n\n<p>Doru\u010den\u00ed na adresu do \u010cesk\u00e9 republiky i na Slovensko. Tento zp\u016fsob dopravy poskytujeme pouze u objedn\u00e1vek s celkovou hodnotou do 10 000 K\u010d.<\/p>\n","protected":false},"excerpt":{"rendered":"<p>Platba Platebn\u00ed operace zaji\u0161\u0165uje spole\u010dnost ComGate Payments, a.s. Poskytujeme platby bankovn\u00edm p\u0159evodem. V\u00edce informac\u00ed najdete zde. Kontaktn\u00ed \u00fadaje na provozovatele platebn\u00ed br\u00e1ny ComGate Payments, a.s. Go\u010d\u00e1rova t\u0159\u00edda 1754 \/ 48b, Hradec Kr\u00e1lov\u00e9 E-mail:&nbsp;platby-podpora@comgate.cz Tel:&nbsp;+420 228 224 267 Doprava Na na\u0161em e-shopu poskytujeme dopravu pouze u vybran\u00fdch produkt\u016f zdarma. Na zak\u00e1zkov\u00e9 \u0161perky, v\u010detn\u011b grillz, je cena [&hellip;]<\/p>\n","protected":false},"author":1,"featured_media":0,"parent":0,"menu_order":0,"comment_status":"closed","ping_status":"closed","template":"page-simple.php","meta":{"_acf_changed":false,"footnotes":""},"class_list":["post-1263","page","type-page","status-publish","hentry"],"acf":[],"_links":{"self":[{"href":"https:\/\/alianas.cz\/cz\/wp-json\/wp\/v2\/pages\/1263","targetHints":{"allow":["GET"]}}],"collection":[{"href":"https:\/\/alianas.cz\/cz\/wp-json\/wp\/v2\/pages"}],"about":[{"href":"https:\/\/alianas.cz\/cz\/wp-json\/wp\/v2\/types\/page"}],"author":[{"embeddable":true,"href":"https:\/\/alianas.cz\/cz\/wp-json\/wp\/v2\/users\/1"}],"replies":[{"embeddable":true,"href":"https:\/\/alianas.cz\/cz\/wp-json\/wp\/v2\/comments?post=1263"}],"version-history":[{"count":4,"href":"https:\/\/alianas.cz\/cz\/wp-json\/wp\/v2\/pages\/1263\/revisions"}],"predecessor-version":[{"id":1995,"href":"https:\/\/alianas.cz\/cz\/wp-json\/wp\/v2\/pages\/1263\/revisions\/1995"}],"wp:attachment":[{"href":"https:\/\/alianas.cz\/cz\/wp-json\/wp\/v2\/media?parent=1263"}],"curies":[{"name":"wp","href":"https:\/\/api.w.org\/{rel}","templated":true}]}}