{"id":150,"date":"2023-08-20T14:13:38","date_gmt":"2023-08-20T12:13:38","guid":{"rendered":"http:\/\/alianas.mrkninaweb.cz\/?page_id=150"},"modified":"2023-11-20T14:03:33","modified_gmt":"2023-11-20T13:03:33","slug":"podminky-ochrany-osobnich-udaju","status":"publish","type":"page","link":"https:\/\/alianas.cz\/cz\/podminky-ochrany-osobnich-udaju\/","title":{"rendered":"Podm\u00ednky ochrany osobn\u00edch \u00fadaj\u016f"},"content":{"rendered":"\n<p>Tyto Podm\u00ednky ochrany osobn\u00edch \u00fadaj\u016f popisuj\u00ed zp\u016fsob, jak\u00fdm zach\u00e1z\u00edme s&nbsp;osobn\u00edmi \u00fadaji na\u0161ich z\u00e1kazn\u00edk\u016f a n\u00e1v\u0161t\u011bvn\u00edk\u016f str\u00e1nek. Text je v&nbsp;souladu s&nbsp;aktu\u00e1ln\u00ed legislativou.<\/p>\n\n\n\n<p>Hlavn\u00ed z\u00e1kony a na\u0159\u00edzen\u00ed, ze kter\u00fdch text vych\u00e1z\u00ed, jsou<\/p>\n\n\n\n<ul class=\"wp-block-list\">\n<li>z\u00e1kon \u010d. 480\/2004 Sb., o n\u011bkter\u00fdch slu\u017eb\u00e1ch informa\u010dn\u00ed spole\u010dnosti<\/li>\n\n\n\n<li>na\u0159\u00edzen\u00ed Evropsk\u00e9ho parlamentu a rady (EU) 2016\/679 o ochran\u011b fyzick\u00fdch osob v&nbsp;souvislosti se zpracov\u00e1n\u00edm osobn\u00edch \u00fadaj\u016f a o voln\u00e9m pohybu t\u011bchto \u00fadaj\u016f (GDPR)<\/li>\n<\/ul>\n\n\n\n<p><\/p>\n\n\n\n<p style=\"text-transform:uppercase\"><strong>1. Toto\u017enost a kontaktn\u00ed \u00fadaje spr\u00e1vce<\/strong><\/p>\n\n\n\n<p>1.1 Spr\u00e1vcem Va\u0161ich osobn\u00edch \u00fadaj\u016f, dle \u010dl. 4, odst. 7 na\u0159\u00edzen\u00ed Evropsk\u00e9ho parlamentu a Rady (EU) 2016\/679 o ochran\u011b fyzick\u00fdch osob v souvislosti se zpracov\u00e1n\u00edm osobn\u00edch \u00fadaj\u016f a o voln\u00e9m pohybu t\u011bchto \u00fadaj\u016f (\u201e<strong>GDPR<\/strong>\u201d) je Bc. Alice Heinzov\u00e1, I\u010c:09642498, se s\u00eddlem Z\u00e1vodn\u00ed 1626, 735 06 Karvin\u00e1.<\/p>\n\n\n\n<p style=\"text-transform:none\">1.2 Kontaktn\u00ed \u00fadaje spr\u00e1vce jsou n\u00e1sleduj\u00edc\u00ed:<\/p>\n\n\n\n<ul class=\"wp-block-list\">\n<li>Adresa pro doru\u010dov\u00e1n\u00ed: Ha\u0161talsk\u00e1 27, 110 00, Praha 1<\/li>\n\n\n\n<li>email:&nbsp;alianasgold@gmail.com<\/li>\n\n\n\n<li>telefon: +420 777 531 388<\/li>\n<\/ul>\n\n\n\n<p>1.3 Dle \u010dl. 4 odst. 1 GDPR se osobn\u00edmi \u00fadaji rozum\u00ed ve\u0161ker\u00e9 informace o identifikovan\u00e9 nebo identifikovateln\u00e9 fyzick\u00e9 osob\u011b (\u201e<strong>vy<\/strong>\u201c nebo \u201e<strong>subjekt \u00fadaj\u016f<\/strong>\u201c); identifikovatelnou fyzickou osobou je fyzick\u00e1 osoba, kterou lze p\u0159\u00edmo \u010di nep\u0159\u00edmo identifikovat, zejm\u00e9na odkazem na ur\u010dit\u00fd identifik\u00e1tor, nap\u0159\u00edklad jm\u00e9no, identifika\u010dn\u00ed \u010d\u00edslo, loka\u010dn\u00ed \u00fadaje, s\u00ed\u0165ov\u00fd identifik\u00e1tor nebo na jeden \u010di v\u00edce zvl\u00e1\u0161tn\u00edch prvk\u016f fyzick\u00e9, fyziologick\u00e9, genetick\u00e9, psychick\u00e9, ekonomick\u00e9, kulturn\u00ed nebo spole\u010densk\u00e9 identity t\u00e9to fyzick\u00e9 osoby.<\/p>\n\n\n\n<p>1.4 Spr\u00e1vce nejmenoval pov\u011b\u0159ence pro ochranu osobn\u00edch \u00fadaj\u016f<\/p>\n\n\n\n<p><\/p>\n\n\n\n<p style=\"text-transform:uppercase\"><strong>2. Zdroje a kategorie zpracov\u00e1van\u00fdch osobn\u00edch \u00fadaj\u016f<\/strong><\/p>\n\n\n\n<p>2.1 Spr\u00e1vce zpracov\u00e1v\u00e1 osobn\u00ed \u00fadaje, kter\u00e9 jste mu poskytl\/a nebo osobn\u00ed \u00fadaje, kter\u00e9 spr\u00e1vce z\u00edskal na z\u00e1klad\u011b pln\u011bn\u00ed Va\u0161\u00ed objedn\u00e1vky.<\/p>\n\n\n\n<p>2.2 Spr\u00e1vce zpracov\u00e1v\u00e1 Va\u0161e identifika\u010dn\u00ed a kontaktn\u00ed \u00fadaje a \u00fadaje nezbytn\u00e9 pro pln\u011bn\u00ed smlouvy.<\/p>\n\n\n\n<p><\/p>\n\n\n\n<p style=\"text-transform:uppercase\"><strong>3. Z\u00e1konn\u00e9 d\u016fvody pro zpracov\u00e1n\u00ed osobn\u00edch \u00fadaj\u016f<\/strong><\/p>\n\n\n\n<p>3.1 Z\u00e1konn\u00fdm d\u016fvody pro zpracov\u00e1n\u00ed osobn\u00edch \u00fadaj\u016f jsou nebo mohou b\u00fdt (uplatn\u00ed se v\u017edy podle Va\u0161\u00ed konkr\u00e9tn\u00ed situace):<\/p>\n\n\n\n<ul class=\"wp-block-list\">\n<li><strong>Pln\u011bn\u00ed smlouvy<\/strong>&nbsp;(nej\u010dast\u011bji vy\u0159izov\u00e1n\u00ed objedn\u00e1vky) mezi V\u00e1mi a spr\u00e1vcem, \u010di proveden\u00ed opat\u0159en\u00ed spr\u00e1vcem p\u0159ed uzav\u0159en\u00edm takov\u00e9 smlouvy, \u00fakony bezprost\u0159edn\u011b s&nbsp;pln\u011bn\u00edm smlouvy souvisej\u00edc\u00ed a pln\u011bn\u00ed pr\u00e1v a povinnost\u00ed ze smluvn\u00edho vztahu p\u0159\u00edmo vypl\u00fdvaj\u00edc\u00ed. P\u0159i objedn\u00e1vce jsou vy\u017eadov\u00e1ny osobn\u00ed \u00fadaje, kter\u00e9 jsou nutn\u00e9 pro \u00fasp\u011b\u0161n\u00e9 vy\u0159\u00edzen\u00ed objedn\u00e1vky (nap\u0159. jm\u00e9no v&nbsp;kombinaci s&nbsp;adresou a dal\u0161\u00edmi kontaktn\u00edmi \u00fadaji). Poskytnut\u00ed osobn\u00edch \u00fadaj\u016f je nutn\u00fdm po\u017eadavkem pro uzav\u0159en\u00ed a pln\u011bn\u00ed smlouvy, proto\u017ee bez nich nen\u00ed mo\u017en\u00e9 smlouvu uzav\u0159\u00edt a tedy ani ze strany spr\u00e1vce plnit.\n<ul class=\"wp-block-list\">\n<li>Kupuj\u00edc\u00ed bere na v\u011bdom\u00ed, \u017ee je povinen sv\u00e9 osobn\u00ed \u00fadaje (p\u0159i registraci, ve sv\u00e9m u\u017eivatelsk\u00e9m \u00fa\u010dtu, p\u0159i objedn\u00e1vce proveden\u00e9 z webov\u00e9ho rozhran\u00ed obchodu) uv\u00e1d\u011bt spr\u00e1vn\u011b a pravdiv\u011b a \u017ee je povinen bez zbyte\u010dn\u00e9ho odkladu informovat prod\u00e1vaj\u00edc\u00edho o zm\u011bn\u011b ve sv\u00fdch osobn\u00edch \u00fadaj\u00edch.<\/li>\n<\/ul>\n<\/li>\n\n\n\n<li><strong>Opr\u00e1vn\u011bn\u00e9 z\u00e1jmy<\/strong>&nbsp;spr\u00e1vce, v&nbsp;souladu s&nbsp;GDPR, definovan\u00e9 n\u00ed\u017ee.<\/li>\n\n\n\n<li><strong>V\u00e1\u0161 souhlas se zpracov\u00e1n\u00edm<\/strong>&nbsp;pro \u00fa\u010dely poskytov\u00e1n\u00ed p\u0159\u00edm\u00e9ho marketingu (zejm\u00e9na pro zas\u00edl\u00e1n\u00ed obchodn\u00edch sd\u011blen\u00ed a newsletter\u016f) podle \u010dl. 6 odst. 1 p\u00edsm. a) GDPR ve spojen\u00ed s \u00a7 7 odst. 2 z\u00e1kona \u010d. 480\/2004 Sb., o n\u011bkter\u00fdch slu\u017eb\u00e1ch informa\u010dn\u00ed spole\u010dnosti v p\u0159\u00edpad\u011b, \u017ee nedo\u0161lo k objedn\u00e1vce zbo\u017e\u00ed nebo slu\u017eby.<\/li>\n<\/ul>\n\n\n\n<p><\/p>\n\n\n\n<p style=\"text-transform:uppercase\"><strong>4. \u00fa\u010dely zpracov\u00e1n\u00ed osobn\u00edch \u00fadaj\u016f<\/strong><\/p>\n\n\n\n<p>4.1 \u00da\u010dely zpracov\u00e1n\u00ed osobn\u00edch \u00fadaj\u016f jsou nebo mohou b\u00fdt (v\u017edy podle Va\u0161\u00ed konkr\u00e9tn\u00ed situace):<\/p>\n\n\n\n<ul class=\"wp-block-list\">\n<li><strong>Spln\u011bn\u00ed smlouvy<\/strong>&nbsp;uzav\u0159en\u00e9 se z\u00e1kazn\u00edkem, nej\u010dast\u011bji vy\u0159\u00edzen\u00ed objedn\u00e1vky, a z\u00e1konn\u00e9 povinnosti z&nbsp;pln\u011bn\u00ed smlouvy vypl\u00fdvaj\u00edc\u00ed<\/li>\n\n\n\n<li><strong>Marketingov\u00e9 \u010dinnosti<\/strong>, nej\u010dast\u011bji pak zas\u00edl\u00e1n\u00ed obchodn\u00edch sd\u011blen\u00ed, v&nbsp;souladu se z\u00e1konn\u00fdmi d\u016fvody<\/li>\n\n\n\n<li><strong>P\u0159im\u011b\u0159en\u00e9 zji\u0161\u0165ov\u00e1n\u00ed spokojenosti<\/strong>&nbsp;s&nbsp;poskytnut\u00fdm zbo\u017e\u00edm nebo slu\u017ebami<\/li>\n<\/ul>\n\n\n\n<p>4.2 Ze strany spr\u00e1vce nedoch\u00e1z\u00ed k automatick\u00e9mu individu\u00e1ln\u00edmu rozhodov\u00e1n\u00ed ve smyslu \u010dl. 22 GDPR.<\/p>\n\n\n\n<p><\/p>\n\n\n\n<p style=\"text-transform:uppercase\"><strong>5. Opr\u00e1vn\u011bn\u00e9 z\u00e1jmy spr\u00e1vce osobn\u00edch \u00fadaj\u016f<\/strong><\/p>\n\n\n\n<p>5.1 Opr\u00e1vn\u011bn\u00e9 z\u00e1jmy spr\u00e1vce ve vztahu ke zpracov\u00e1n\u00ed osobn\u00edch \u00fadaj\u016f jsou definov\u00e1ny v&nbsp;souladu s&nbsp;\u010dl. 6 odst. 1 p\u00edsm f) GDPR a s&nbsp;odst. 47 preambule GDPR<\/p>\n\n\n\n<p>5.2 Mezi tyto opr\u00e1vn\u011bn\u00e9 z\u00e1jmy spr\u00e1vce pat\u0159\u00ed:<\/p>\n\n\n\n<ul class=\"wp-block-list\">\n<li><strong>Poskytov\u00e1n\u00ed p\u0159\u00edm\u00e9ho marketingu<\/strong>&nbsp;(zejm\u00e9na pro zas\u00edl\u00e1n\u00ed obchodn\u00edch sd\u011blen\u00ed a newsletter\u016f) podle \u010dl. 6 odst. 1 p\u00edsm. f) GDPR a odst. 47 preambule GDPR,<\/li>\n\n\n\n<li><strong>Dotazov\u00e1n\u00ed z\u00e1kazn\u00edk\u016f na jejich spokojenost<\/strong>&nbsp;s&nbsp;n\u00e1kupem a poskytovan\u00fdmi slu\u017ebami<\/li>\n<\/ul>\n\n\n\n<p><\/p>\n\n\n\n<p style=\"text-transform:uppercase\"><strong>6. Dal\u0161\u00ed p\u0159\u00edjemci osobn\u00edch \u00fadaj\u016f<\/strong><\/p>\n\n\n\n<p>6.1 Dal\u0161\u00edmi p\u0159\u00edjemci Va\u0161ich osobn\u00edch \u00fadaj\u016f jsou zejm\u00e9na zasilatelsk\u00e9 spole\u010dnosti, p\u0159\u00edpadn\u011b jin\u00e9 osoby pod\u00edlej\u00edc\u00ed se na dod\u00e1n\u00ed zbo\u017e\u00ed \u010di realizaci plateb na z\u00e1klad\u011b kupn\u00ed smlouvy.<\/p>\n\n\n\n<p>6.2 Dal\u0161\u00edmi p\u0159\u00edjemci Va\u0161ich osobn\u00edch \u00fadaj\u016f mohou b\u00fdt tak\u00e9 dodavatel\u00e9 slu\u017eeb, kte\u0159\u00ed prov\u00e1d\u011bj\u00ed \u010dinnosti souvisej\u00edc\u00ed s&nbsp;provozem spr\u00e1vce, nap\u0159\u00edklad spole\u010dnosti zaji\u0161\u0165uj\u00edc\u00ed program\u00e1torsk\u00e9 slu\u017eby, slu\u017eby informa\u010dn\u00edch technologi\u00ed (nap\u0159. datab\u00e1ze, ekonomick\u00fd syst\u00e9m), \u00fa\u010detn\u00ed slu\u017eby nebo marketingov\u00e9 slu\u017eby. Spr\u00e1vce prohla\u0161uje, \u017ee v&nbsp;takov\u00fdch p\u0159\u00edpadech u\u010dinil a bude \u010dinit ve\u0161ker\u00e1 pot\u0159ebn\u00e1 organiza\u010dn\u00ed a technick\u00e1 opat\u0159en\u00ed pro n\u00e1le\u017eitou ochranu osobn\u00edch \u00fadaj\u016f v&nbsp;souladu s&nbsp;GDPR.<\/p>\n\n\n\n<p>6.3 Spr\u00e1vce zpracov\u00e1v\u00e1 \u00fadaje v \u010cR, p\u0159\u00edpadn\u011b v jin\u00fdch zem\u00edch EU. Ze z\u00e1konn\u00fdch d\u016fvod\u016f (nap\u0159\u00edklad objedn\u00e1vka s&nbsp;doru\u010den\u00edm mimo EU a nutn\u00e9 p\u0159ed\u00e1n\u00ed \u00fadaj\u016f m\u00edstn\u00edmu dopravci) m\u016f\u017ee doj\u00edt i ke zpracov\u00e1n\u00ed i mimo EU. V r\u00e1mci spolupr\u00e1ce s glob\u00e1ln\u00edmi subjekty m\u016f\u017ee rovn\u011b\u017e doj\u00edt ke zpracov\u00e1n\u00ed \u00fadaj\u016f i mimo EU, av\u0161ak v takov\u00e9m p\u0159\u00edpad\u011b je takov\u00fd subjekt v\u017edy \u00fa\u010dastn\u00edkem&nbsp;<a href=\"https:\/\/www.privacyshield.gov\/\">Privacy Shield<\/a>, zaji\u0161\u0165uj\u00edc\u00ed odpov\u00eddaj\u00edc\u00ed \u00farove\u0148 ochrany.<\/p>\n\n\n\n<p>6.4 Va\u0161i spokojenost s n\u00e1kupem zji\u0161\u0165ujeme prost\u0159ednictv\u00edm e-mailov\u00fdch dotazn\u00edk\u016f v r\u00e1mci programu Ov\u011b\u0159eno z\u00e1kazn\u00edky, do n\u011bho\u017e je n\u00e1\u0161 e-shop zapojen. Ty v\u00e1m zas\u00edl\u00e1me na z\u00e1klad\u011b na\u0161eho opr\u00e1vn\u011bn\u00e9ho z\u00e1jmu,&nbsp;kter\u00fd spo\u010d\u00edv\u00e1 ve zji\u0161\u0165ov\u00e1n\u00ed va\u0161\u00ed spokojenosti s n\u00e1kupem u n\u00e1s, poka\u017ed\u00e9, kdy\u017e u n\u00e1s nakoup\u00edte, pokud jejich zas\u00edl\u00e1n\u00ed neodm\u00edtnete (jedno odm\u00edtnut\u00ed znamen\u00e1, \u017ee s \u017e\u00e1dn\u00fdm dal\u0161\u00edm n\u00e1kupem v\u00e1m ji\u017e nebude zasl\u00e1n). Pro zas\u00edl\u00e1n\u00ed dotazn\u00edk\u016f a jejich vyhodnocov\u00e1n\u00ed vyu\u017e\u00edv\u00e1me zpracovatele, kter\u00fdm je provozovatel port\u00e1lu Heureka.cz. Tomu pro tyto \u00fa\u010dely m\u016f\u017eeme p\u0159ed\u00e1vat informace o zakoupen\u00e9m zbo\u017e\u00ed a va\u0161i e-mailovou adresu. Va\u0161e osobn\u00ed \u00fadaje nejsou p\u0159i zas\u00edl\u00e1n\u00ed e-mailov\u00fdch dotazn\u00edk\u016f p\u0159ed\u00e1ny \u017e\u00e1dn\u00e9 t\u0159et\u00ed stran\u011b pro jej\u00ed vlastn\u00ed \u00fa\u010dely. Proti zas\u00edl\u00e1n\u00ed e-mailov\u00fdch dotazn\u00edk\u016f v r\u00e1mci programu Ov\u011b\u0159eno z\u00e1kazn\u00edky m\u016f\u017eete kdykoli vyj\u00e1d\u0159it n\u00e1mitku odm\u00edtnut\u00edm dal\u0161\u00edch dotazn\u00edk\u016f, nap\u0159\u00edklad pomoc\u00ed odkazu v e-mailu s dotazn\u00edkem, nebo v u\u017eivatelsk\u00e9m profilu.<\/p>\n\n\n\n<p><\/p>\n\n\n\n<p style=\"text-transform:uppercase\"><strong>7. Doba ulo\u017een\u00ed osobn\u00edch \u00fadaj\u016f<\/strong><\/p>\n\n\n\n<p>7.1 Jsou-li \u00fadaje zpracov\u00e1v\u00e1ny ze z\u00e1konn\u00fdch d\u016fvod\u016f, pak budou zpracov\u00e1v\u00e1ny po dobu trv\u00e1n\u00ed \u00fa\u010dink\u016f pr\u00e1v a povinnost\u00ed ze smlouvy, a d\u00e1le po dobu nutnou pro \u00fa\u010dely archivov\u00e1n\u00ed podle p\u0159\u00edslu\u0161n\u00fdch obecn\u011b z\u00e1vazn\u00fdch pr\u00e1vn\u00edch p\u0159edpis\u016f, nejd\u00e9le v\u0161ak po dobu stanovenou obecn\u011b z\u00e1vazn\u00fdmi pr\u00e1vn\u00edmi p\u0159edpisy.<\/p>\n\n\n\n<p>7.2 Jsou-li osobn\u00ed \u00fadaje zpracov\u00e1v\u00e1ny na z\u00e1klad\u011b ud\u011blen\u00e9ho souhlasu, pak jsou zpracov\u00e1v\u00e1ny nejd\u00e9le do t\u00e9 doby, ne\u017e je odvol\u00e1n souhlas se zpracov\u00e1n\u00edm osobn\u00edch \u00fadaj\u016f, nejd\u00e9le pak 10 let od ud\u011blen\u00ed souhlasu, nebo od posledn\u00ed proveden\u00e9 objedn\u00e1vky (uplatn\u00ed se mo\u017enost, kter\u00e1 nastane pozd\u011bji)<\/p>\n\n\n\n<p><\/p>\n\n\n\n<p style=\"text-transform:uppercase\"><strong>8. Pr\u00e1va subjektu \u00fadaj\u016f<\/strong><\/p>\n\n\n\n<p>8.1 Nem\u00e1te povinnost osobn\u00ed \u00fadaje spr\u00e1vci poskytnout. Pokud je v\u0161ak poskytnut\u00ed Va\u0161ich osobn\u00edch \u00fadaj\u016f nutn\u00fdm po\u017eadavkem pro uzav\u0159en\u00ed a pln\u011bn\u00ed smlouvy (nap\u0159. e-mail pro potvrzen\u00ed objedn\u00e1vky, jm\u00e9no a fyzick\u00e1 adresa pro doru\u010den\u00ed zbo\u017e\u00ed, aj.) bez poskytnut\u00ed Va\u0161ich osobn\u00edch \u00fadaj\u016f nen\u00ed mo\u017en\u00e9 smlouvu uzav\u0159\u00edt (tj. nen\u00ed mo\u017en\u00e9 dokon\u010dit objedn\u00e1vku) \u010di j\u00ed ze strany spr\u00e1vce splnit.<\/p>\n\n\n\n<p>8.2 V&nbsp;souladu s&nbsp;\u010dl. 21 odst. 1 a 2 GDPR m\u00e1te pr\u00e1vo kdykoliv vzn\u00e9st n\u00e1mitku proti zpracov\u00e1n\u00ed osobn\u00edch \u00fadaj\u016f nebo odvolat souhlas se zpracov\u00e1n\u00edm osobn\u00edch \u00fadaj\u016f, zejm\u00e9na pokud se zpracov\u00e1vaj\u00ed pro \u00fa\u010dely p\u0159\u00edm\u00e9ho marketingu. Spr\u00e1vce pak tyto osobn\u00ed \u00fadaje ji\u017e d\u00e1le nezpracov\u00e1v\u00e1, pokud jej k&nbsp;tomu nenut\u00ed jin\u00e9 z\u00e1konn\u00e9 d\u016fvody, kter\u00e9 p\u0159eva\u017euj\u00ed na z\u00e1jmy nebo pr\u00e1vy subjektu \u00fadaj\u016f.<\/p>\n\n\n\n<p>8.3 D\u00e1le m\u00e1te, za podm\u00ednek stanoven\u00fdch v&nbsp;GDPR, pr\u00e1vo:<\/p>\n\n\n\n<p>&nbsp; 8.3.1 na p\u0159\u00edstup ke sv\u00fdm osobn\u00edm \u00fadaj\u016fm dle \u010dl. 15 GDPR,<\/p>\n\n\n\n<p>&nbsp; 8.3.2 na opravu osobn\u00edch \u00fadaj\u016f dle \u010dl. 16 GDPR,<\/p>\n\n\n\n<p>&nbsp; 8.3.3 na v\u00fdmaz osobn\u00edch \u00fadaj\u016f dle \u010dl. 17 GDPR,<\/p>\n\n\n\n<p>&nbsp; 8.3.4 na omezen\u00ed zpracov\u00e1n\u00ed dle \u010dl. 18 GDPR,<\/p>\n\n\n\n<p>&nbsp; 8.3.5 na p\u0159enositelnost \u00fadaj\u016f dle \u010dl. 20 GDPR.<\/p>\n\n\n\n<p>&nbsp; 8.3.6 na vznesen\u00ed n\u00e1mitky proti zpracov\u00e1n\u00ed dle \u010dl. 21 GDPR,<\/p>\n\n\n\n<p>V p\u0159\u00edpad\u011b takov\u00fdch po\u017eadavk\u016f kontaktujte spr\u00e1vce na v\u00fd\u0161e uveden\u00fdch kontaktn\u00edch \u00fadaj\u00edch.<\/p>\n\n\n\n<p>8.4 Pokud byste se domn\u00edval\/a, \u017ee zpracov\u00e1n\u00edm Va\u0161ich osobn\u00edch \u00fadaj\u016f bylo poru\u0161eno \u010di je poru\u0161ov\u00e1no GDPR, m\u00e1te tak\u00e9 pr\u00e1vo podat st\u00ed\u017enost u dozorov\u00e9ho \u00fa\u0159adu, kter\u00fdm je \u00da\u0159ad pro ochranu osobn\u00edch \u00fadaj\u016f.<\/p>\n\n\n\n<p><\/p>\n\n\n\n<p style=\"text-transform:uppercase\"><strong>9. Podm\u00ednky zabezpe\u010den\u00ed osobn\u00edch \u00fadaj\u016f<\/strong><\/p>\n\n\n\n<p>9.1 Spr\u00e1vce prohla\u0161uje, \u017ee p\u0159ijal ve\u0161ker\u00e1 vhodn\u00e1 technick\u00e1 a organiza\u010dn\u00ed opat\u0159en\u00ed k zabezpe\u010den\u00ed osobn\u00edch \u00fadaj\u016f a jejich \u00falo\u017ei\u0161\u0165 v&nbsp;elektronick\u00e9 i listinn\u00e9 podob\u011b a \u017ee ke zpracov\u00e1van\u00fdm osobn\u00edm \u00fadaj\u016fm maj\u00ed p\u0159\u00edstup pouze j\u00edm pov\u011b\u0159en\u00e9 osoby.<\/p>\n\n\n\n<p><\/p>\n\n\n\n<p style=\"text-transform:uppercase\"><strong>10. Z\u00e1v\u011bre\u010dn\u00e1 ustanoven\u00ed<\/strong><\/p>\n\n\n\n<p>10.1 Odesl\u00e1n\u00edm objedn\u00e1vky z internetov\u00e9ho objedn\u00e1vkov\u00e9ho formul\u00e1\u0159e potvrzujete, \u017ee jste sezn\u00e1men\/a s podm\u00ednkami ochrany osobn\u00edch \u00fadaj\u016f a \u017ee je v cel\u00e9m rozsahu p\u0159ij\u00edm\u00e1te.<\/p>\n\n\n\n<p>10.2 S t\u011bmito podm\u00ednkami souhlas\u00edte tak\u00e9 v p\u0159\u00edpad\u011b za\u0161krtnut\u00ed souhlasu prost\u0159ednictv\u00edm internetov\u00e9ho formul\u00e1\u0159e. Za\u0161krtnut\u00edm souhlasu potvrzujete, \u017ee jste sezn\u00e1men\/a s podm\u00ednkami ochrany osobn\u00edch \u00fadaj\u016f a \u017ee je v cel\u00e9m rozsahu p\u0159ij\u00edm\u00e1te.<\/p>\n\n\n\n<p>10.3 Spr\u00e1vce je opr\u00e1vn\u011bn tyto podm\u00ednky zm\u011bnit. Novou verzi podm\u00ednek ochrany osobn\u00edch \u00fadaj\u016f zve\u0159ejn\u00ed na sv\u00fdch internetov\u00fdch str\u00e1nk\u00e1ch. V&nbsp;p\u0159\u00edpad\u011b materi\u00e1ln\u00edch zm\u011bn V\u00e1m za\u0161le novou verzi t\u011bchto podm\u00ednek na Va\u0161i e-mailovou adresu, v&nbsp;p\u0159\u00edpad\u011b \u017ee byla spr\u00e1vci poskytnuta.<\/p>\n\n\n\n<p>Datum posledn\u00ed aktualizace: 20. 11. 2023<\/p>\n","protected":false},"excerpt":{"rendered":"<p>Tyto Podm\u00ednky ochrany osobn\u00edch \u00fadaj\u016f popisuj\u00ed zp\u016fsob, jak\u00fdm zach\u00e1z\u00edme s&nbsp;osobn\u00edmi \u00fadaji na\u0161ich z\u00e1kazn\u00edk\u016f a n\u00e1v\u0161t\u011bvn\u00edk\u016f str\u00e1nek. Text je v&nbsp;souladu s&nbsp;aktu\u00e1ln\u00ed legislativou. Hlavn\u00ed z\u00e1kony a na\u0159\u00edzen\u00ed, ze kter\u00fdch text vych\u00e1z\u00ed, jsou 1. Toto\u017enost a kontaktn\u00ed \u00fadaje spr\u00e1vce 1.1 Spr\u00e1vcem Va\u0161ich osobn\u00edch \u00fadaj\u016f, dle \u010dl. 4, odst. 7 na\u0159\u00edzen\u00ed Evropsk\u00e9ho parlamentu a Rady (EU) 2016\/679 o ochran\u011b [&hellip;]<\/p>\n","protected":false},"author":1,"featured_media":0,"parent":0,"menu_order":0,"comment_status":"closed","ping_status":"closed","template":"page-simple.php","meta":{"_acf_changed":false,"footnotes":""},"class_list":["post-150","page","type-page","status-publish","hentry"],"acf":[],"_links":{"self":[{"href":"https:\/\/alianas.cz\/cz\/wp-json\/wp\/v2\/pages\/150","targetHints":{"allow":["GET"]}}],"collection":[{"href":"https:\/\/alianas.cz\/cz\/wp-json\/wp\/v2\/pages"}],"about":[{"href":"https:\/\/alianas.cz\/cz\/wp-json\/wp\/v2\/types\/page"}],"author":[{"embeddable":true,"href":"https:\/\/alianas.cz\/cz\/wp-json\/wp\/v2\/users\/1"}],"replies":[{"embeddable":true,"href":"https:\/\/alianas.cz\/cz\/wp-json\/wp\/v2\/comments?post=150"}],"version-history":[{"count":15,"href":"https:\/\/alianas.cz\/cz\/wp-json\/wp\/v2\/pages\/150\/revisions"}],"predecessor-version":[{"id":1992,"href":"https:\/\/alianas.cz\/cz\/wp-json\/wp\/v2\/pages\/150\/revisions\/1992"}],"wp:attachment":[{"href":"https:\/\/alianas.cz\/cz\/wp-json\/wp\/v2\/media?parent=150"}],"curies":[{"name":"wp","href":"https:\/\/api.w.org\/{rel}","templated":true}]}}