{"id":210,"date":"2023-10-12T21:19:12","date_gmt":"2023-10-12T19:19:12","guid":{"rendered":"https:\/\/alianas.mrkninaweb.cz\/?page_id=210"},"modified":"2023-11-05T19:29:26","modified_gmt":"2023-11-05T18:29:26","slug":"o-alianas","status":"publish","type":"page","link":"https:\/\/alianas.cz\/cz\/o-alianas\/","title":{"rendered":"O Alianas"},"content":{"rendered":"\n<p class=\"has-text-align-center\">V\u00edtejte v &#8222;Alianas&#8220; \u2013 jm\u00e9no, kter\u00e9 nese t\u011b\u017ekou v\u00e1hu t\u0159\u00ed generac\u00ed v\u00e1\u0161n\u011b, \u0159emesla a tradice. To, co za\u010dalo jako skromn\u00fd ateli\u00e9r roku 1990, kdy m\u016fj d\u011bde\u010dek poprv\u00e9 polo\u017eil z\u00e1klady na\u0161\u00ed rodinn\u00e9 cesty v oblasti \u0161perka\u0159stv\u00ed, se vyvinulo v novou zna\u010dku, kter\u00e1 st\u00e1le zachov\u00e1v\u00e1 nespoutanou kr\u00e1su tohoto p\u0159ekr\u00e1sn\u00e9ho oboru.<\/p>\n\n\n\n<p class=\"has-text-align-center\">Jako nositel t\u00e9to d\u011bdi\u010dn\u00e9 tradice c\u00edt\u00edm obrovskou hrdost na to, \u017ee tvo\u0159\u00edme \u0161perky, kter\u00e9 vypr\u00e1v\u011bj\u00ed p\u0159\u00edb\u011bh trval\u00e9 l\u00e1sky a oddanosti k jednomu \u0159emeslu spojovan\u00e9ho s bohatstv\u00edm a kr\u00e1sou. M\u00e9 n\u00e1vrhy spojuj\u00ed bohat\u00e9 zku\u0161enosti se \u0161perka\u0159stv\u00edm m\u00fdch p\u0159edk\u016f s modern\u00ed inovac\u00ed, vytv\u00e1\u0159ej\u00edce kousky, kter\u00e9 jsou v\u00edce ne\u017e jen ozdobou. Zveme v\u00e1s, abyste objevili na\u0161i \u0159\u00ed\u0161i &#8222;Alianas&#8220;, kde ka\u017ed\u00fd kousek je sv\u011bdectv\u00edm o neot\u0159esiteln\u00e9m z\u00e1vazku na\u0161\u00ed rodiny vytv\u00e1\u0159et luxus, kr\u00e1su a osobitost, kter\u00e1 p\u0159etrvala generace.<\/p>\n","protected":false},"excerpt":{"rendered":"<p>V\u00edtejte v &#8222;Alianas&#8220; \u2013 jm\u00e9no, kter\u00e9 nese t\u011b\u017ekou v\u00e1hu t\u0159\u00ed generac\u00ed v\u00e1\u0161n\u011b, \u0159emesla a tradice. To, co za\u010dalo jako skromn\u00fd ateli\u00e9r roku 1990, kdy m\u016fj d\u011bde\u010dek poprv\u00e9 polo\u017eil z\u00e1klady na\u0161\u00ed rodinn\u00e9 cesty v oblasti \u0161perka\u0159stv\u00ed, se vyvinulo v novou zna\u010dku, kter\u00e1 st\u00e1le zachov\u00e1v\u00e1 nespoutanou kr\u00e1su tohoto p\u0159ekr\u00e1sn\u00e9ho oboru. Jako nositel t\u00e9to d\u011bdi\u010dn\u00e9 tradice c\u00edt\u00edm obrovskou [&hellip;]<\/p>\n","protected":false},"author":1,"featured_media":0,"parent":0,"menu_order":0,"comment_status":"closed","ping_status":"closed","template":"","meta":{"_acf_changed":false,"footnotes":""},"class_list":["post-210","page","type-page","status-publish","hentry"],"acf":[],"_links":{"self":[{"href":"https:\/\/alianas.cz\/cz\/wp-json\/wp\/v2\/pages\/210","targetHints":{"allow":["GET"]}}],"collection":[{"href":"https:\/\/alianas.cz\/cz\/wp-json\/wp\/v2\/pages"}],"about":[{"href":"https:\/\/alianas.cz\/cz\/wp-json\/wp\/v2\/types\/page"}],"author":[{"embeddable":true,"href":"https:\/\/alianas.cz\/cz\/wp-json\/wp\/v2\/users\/1"}],"replies":[{"embeddable":true,"href":"https:\/\/alianas.cz\/cz\/wp-json\/wp\/v2\/comments?post=210"}],"version-history":[{"count":5,"href":"https:\/\/alianas.cz\/cz\/wp-json\/wp\/v2\/pages\/210\/revisions"}],"predecessor-version":[{"id":976,"href":"https:\/\/alianas.cz\/cz\/wp-json\/wp\/v2\/pages\/210\/revisions\/976"}],"wp:attachment":[{"href":"https:\/\/alianas.cz\/cz\/wp-json\/wp\/v2\/media?parent=210"}],"curies":[{"name":"wp","href":"https:\/\/api.w.org\/{rel}","templated":true}]}}