{"id":1323,"date":"2023-11-11T14:07:31","date_gmt":"2023-11-11T13:07:31","guid":{"rendered":"https:\/\/alianas.mrkninaweb.cz\/?post_type=product&#038;p=1323"},"modified":"2023-11-14T20:21:57","modified_gmt":"2023-11-14T19:21:57","slug":"tri-gem-pink-earrings","status":"publish","type":"product","link":"https:\/\/alianas.cz\/cz\/obchod\/limitovane-sperky\/nausnice\/tri-gem-pink-earrings\/","title":{"rendered":"TRI-GEM PINK n\u00e1u\u0161nice, 585\/1000 Au, 1,25g"},"content":{"rendered":"<p>Ru\u010dn\u011b vyroben\u00e9 n\u00e1u\u0161nice z kolekce \u201cTRI-GEM\u201d, kter\u00fdm dominuje r\u016f\u017eov\u00fd turmal\u00edn.<\/p>\n","protected":false},"excerpt":{"rendered":"<p>Ru\u010dn\u011b vyroben\u00e9 n\u00e1u\u0161nice z kolekce \u201cTRI-GEM\u201d, kter\u00fdm dominuje r\u016f\u017eov\u00fd turmal\u00edn.<\/p>\n","protected":false},"featured_media":1324,"template":"","meta":{"_acf_changed":false},"product_brand":[],"product_cat":[89,108],"product_tag":[],"class_list":{"0":"post-1323","1":"product","2":"type-product","3":"status-publish","4":"has-post-thumbnail","6":"product_cat-nausnice","7":"product_cat-tri-gem","9":"first","10":"instock","11":"shipping-taxable","12":"purchasable","13":"product-type-simple"},"acf":[],"_links":{"self":[{"href":"https:\/\/alianas.cz\/cz\/wp-json\/wp\/v2\/product\/1323","targetHints":{"allow":["GET"]}}],"collection":[{"href":"https:\/\/alianas.cz\/cz\/wp-json\/wp\/v2\/product"}],"about":[{"href":"https:\/\/alianas.cz\/cz\/wp-json\/wp\/v2\/types\/product"}],"wp:featuredmedia":[{"embeddable":true,"href":"https:\/\/alianas.cz\/cz\/wp-json\/wp\/v2\/media\/1324"}],"wp:attachment":[{"href":"https:\/\/alianas.cz\/cz\/wp-json\/wp\/v2\/media?parent=1323"}],"wp:term":[{"taxonomy":"product_brand","embeddable":true,"href":"https:\/\/alianas.cz\/cz\/wp-json\/wp\/v2\/product_brand?post=1323"},{"taxonomy":"product_cat","embeddable":true,"href":"https:\/\/alianas.cz\/cz\/wp-json\/wp\/v2\/product_cat?post=1323"},{"taxonomy":"product_tag","embeddable":true,"href":"https:\/\/alianas.cz\/cz\/wp-json\/wp\/v2\/product_tag?post=1323"}],"curies":[{"name":"wp","href":"https:\/\/api.w.org\/{rel}","templated":true}]}}